{"id":11,"date":"2021-06-29T21:32:56","date_gmt":"2021-06-29T21:32:56","guid":{"rendered":"https:\/\/www.musikschule.mvhengsberg.at\/?page_id=11"},"modified":"2021-07-01T13:12:13","modified_gmt":"2021-07-01T13:12:13","slug":"instrumente","status":"publish","type":"page","link":"https:\/\/www.musikschule.mvhengsberg.at\/index.php\/instrumente\/","title":{"rendered":"Instrumente"},"content":{"rendered":"\n<h3 class=\"wp-block-heading\">Blechblasinstrumente<\/h3>\n\n\n\n<p>Fl\u00fcgelhorn, Trompete, Posaune, Tenorhorn, Horn, Tuba<\/p>\n\n\n\n<h3 class=\"wp-block-heading\">Holzblasinstrumente<\/h3>\n\n\n\n<p>Blockfl\u00f6te, Querfl\u00f6te, Oboe, Fagott, Klarinette, Saxophon<\/p>\n\n\n\n<h3 class=\"wp-block-heading\">Saiteninstrumente<\/h3>\n\n\n\n<p>Gitarre, E-Gitarre, E-Bass, Violine, Kontrabass, Hackbrett<\/p>\n\n\n\n<h3 class=\"wp-block-heading\">Tasteninstrumente<\/h3>\n\n\n\n<p>Klavier, Keyboard, Orgel<\/p>\n\n\n\n<h3 class=\"wp-block-heading\">Sonstiges<\/h3>\n\n\n\n<p>Schlagwerk, Gesang, steirische Harmonika<\/p>\n","protected":false},"excerpt":{"rendered":"<p>Blechblasinstrumente Fl\u00fcgelhorn, Trompete, Posaune, Tenorhorn, Horn, Tuba Holzblasinstrumente Blockfl\u00f6te, Querfl\u00f6te, Oboe, Fagott, Klarinette, Saxophon Saiteninstrumente Gitarre, E-Gitarre, E-Bass, Violine, Kontrabass, Hackbrett Tasteninstrumente Klavier, Keyboard, Orgel Sonstiges Schlagwerk, Gesang, steirische Harmonika<\/p>\n","protected":false},"author":2,"featured_media":0,"parent":0,"menu_order":4,"comment_status":"closed","ping_status":"closed","template":"","meta":{"neve_meta_sidebar":"","neve_meta_container":"","neve_meta_enable_content_width":"","neve_meta_content_width":0,"neve_meta_title_alignment":"","neve_meta_author_avatar":"","neve_post_elements_order":"","neve_meta_disable_header":"","neve_meta_disable_footer":"","neve_meta_disable_title":"","footnotes":""},"class_list":["post-11","page","type-page","status-publish","hentry"],"_links":{"self":[{"href":"https:\/\/www.musikschule.mvhengsberg.at\/index.php\/wp-json\/wp\/v2\/pages\/11","targetHints":{"allow":["GET"]}}],"collection":[{"href":"https:\/\/www.musikschule.mvhengsberg.at\/index.php\/wp-json\/wp\/v2\/pages"}],"about":[{"href":"https:\/\/www.musikschule.mvhengsberg.at\/index.php\/wp-json\/wp\/v2\/types\/page"}],"author":[{"embeddable":true,"href":"https:\/\/www.musikschule.mvhengsberg.at\/index.php\/wp-json\/wp\/v2\/users\/2"}],"replies":[{"embeddable":true,"href":"https:\/\/www.musikschule.mvhengsberg.at\/index.php\/wp-json\/wp\/v2\/comments?post=11"}],"version-history":[{"count":4,"href":"https:\/\/www.musikschule.mvhengsberg.at\/index.php\/wp-json\/wp\/v2\/pages\/11\/revisions"}],"predecessor-version":[{"id":318,"href":"https:\/\/www.musikschule.mvhengsberg.at\/index.php\/wp-json\/wp\/v2\/pages\/11\/revisions\/318"}],"wp:attachment":[{"href":"https:\/\/www.musikschule.mvhengsberg.at\/index.php\/wp-json\/wp\/v2\/media?parent=11"}],"curies":[{"name":"wp","href":"https:\/\/api.w.org\/{rel}","templated":true}]}}